{"id":25161,"date":"2023-02-10T08:59:00","date_gmt":"2023-02-10T07:59:00","guid":{"rendered":"https:\/\/ujim.trialinternational.org\/universal-jurisdiction-database\/"},"modified":"2023-10-25T10:36:16","modified_gmt":"2023-10-25T08:36:16","slug":"universal-jurisdiction-database","status":"publish","type":"page","link":"https:\/\/ujim.trialinternational.org\/fr\/","title":{"rendered":"Carte interactive de la comp\u00e9tence universelle"},"content":{"rendered":"\t\t<div data-elementor-type=\"wp-page\" data-elementor-id=\"25161\" class=\"elementor elementor-25161 elementor-24780\" data-elementor-post-type=\"page\">\n\t\t\t\t\t\t<section class=\"elementor-section elementor-top-section elementor-element elementor-element-edf0232 elementor-section-full_width elementor-section-height-default elementor-section-height-default\" data-id=\"edf0232\" data-element_type=\"section\">\n\t\t\t\t\t\t<div class=\"elementor-container elementor-column-gap-default\">\n\t\t\t\t\t<div class=\"elementor-column elementor-col-100 elementor-top-column elementor-element elementor-element-a156864\" data-id=\"a156864\" data-element_type=\"column\">\n\t\t\t<div class=\"elementor-widget-wrap elementor-element-populated\">\n\t\t\t\t\t\t<div class=\"elementor-element elementor-element-d030b5f elementor-widget elementor-widget-shortcode\" data-id=\"d030b5f\" data-element_type=\"widget\" data-widget_type=\"shortcode.default\">\n\t\t\t\t<div class=\"elementor-widget-container\">\n\t\t\t\t\t\t\t<div class=\"elementor-shortcode\"><div id=\"gm-root\" class=\"site-main\"><\/div><\/div>\n\t\t\t\t\t\t<\/div>\n\t\t\t\t<\/div>\n\t\t\t\t\t<\/div>\n\t\t<\/div>\n\t\t\t\t\t<\/div>\n\t\t<\/section>\n\t\t\t\t<section class=\"elementor-section elementor-top-section elementor-element elementor-element-3c3fd04 elementor-section-boxed elementor-section-height-default elementor-section-height-default\" data-id=\"3c3fd04\" data-element_type=\"section\">\n\t\t\t\t\t\t<div class=\"elementor-container elementor-column-gap-default\">\n\t\t\t\t\t<div class=\"elementor-column elementor-col-100 elementor-top-column elementor-element elementor-element-798cfc9\" data-id=\"798cfc9\" data-element_type=\"column\">\n\t\t\t<div class=\"elementor-widget-wrap elementor-element-populated\">\n\t\t\t\t\t\t<div class=\"elementor-element elementor-element-0811f5c elementor-widget elementor-widget-heading\" data-id=\"0811f5c\" data-element_type=\"widget\" data-widget_type=\"heading.default\">\n\t\t\t\t<div class=\"elementor-widget-container\">\n\t\t\t\t\t<h2 class=\"elementor-heading-title elementor-size-default\">TRIAL International rappelle que jusqu'\u00e0 ce qu'une \u00e9ventuelle condamnation soit entr\u00e9e en force, toute personne accus\u00e9e ou poursuivie par une juridiction nationale ou internationale est pr\u00e9sum\u00e9e innocente<\/h2>\t\t\t\t<\/div>\n\t\t\t\t<\/div>\n\t\t\t\t\t<\/div>\n\t\t<\/div>\n\t\t\t\t\t<\/div>\n\t\t<\/section>\n\t\t\t\t<\/div>\n\t\t","protected":false},"excerpt":{"rendered":"<p>TRIAL International rappelle que jusqu&rsquo;\u00e0 ce qu&rsquo;une \u00e9ventuelle condamnation soit entr\u00e9e en force, toute personne accus\u00e9e ou poursuivie par une juridiction nationale ou internationale est pr\u00e9sum\u00e9e innocente<\/p>\n","protected":false},"author":31,"featured_media":0,"parent":0,"menu_order":0,"comment_status":"closed","ping_status":"closed","template":"","meta":{"_acf_changed":false,"footnotes":""},"class_list":["post-25161","page","type-page","status-publish","hentry"],"acf":[],"yoast_head":"<!-- This site is optimized with the Yoast SEO plugin v24.1 - https:\/\/yoast.com\/wordpress\/plugins\/seo\/ -->\n<title>Carte interactive de la comp\u00e9tence universelle - TRIAL International<\/title>\n<meta name=\"robots\" content=\"noindex, follow, max-snippet:-1, max-image-preview:large, max-video-preview:-1\" \/>\n<meta property=\"og:locale\" content=\"fr_FR\" \/>\n<meta property=\"og:type\" content=\"article\" \/>\n<meta property=\"og:title\" content=\"Carte interactive de la comp\u00e9tence universelle - TRIAL International\" \/>\n<meta property=\"og:description\" content=\"TRIAL International rappelle que jusqu&rsquo;\u00e0 ce qu&rsquo;une \u00e9ventuelle condamnation soit entr\u00e9e en force, toute personne accus\u00e9e ou poursuivie par une juridiction nationale ou internationale est pr\u00e9sum\u00e9e innocente\" \/>\n<meta property=\"og:url\" content=\"https:\/\/ujim.trialinternational.org\/\" \/>\n<meta property=\"og:site_name\" content=\"TRIAL International\" \/>\n<meta property=\"article:modified_time\" content=\"2023-10-25T08:36:16+00:00\" \/>\n<meta name=\"twitter:card\" content=\"summary_large_image\" \/>\n<meta name=\"twitter:label1\" content=\"Dur\u00e9e de lecture estim\u00e9e\" \/>\n\t<meta name=\"twitter:data1\" content=\"1 minute\" \/>\n<script type=\"application\/ld+json\" class=\"yoast-schema-graph\">{\"@context\":\"https:\/\/schema.org\",\"@graph\":[{\"@type\":\"WebPage\",\"@id\":\"https:\/\/ujim.trialinternational.org\/\",\"url\":\"https:\/\/ujim.trialinternational.org\/\",\"name\":\"Carte interactive de la comp\u00e9tence universelle - TRIAL International\",\"isPartOf\":{\"@id\":\"https:\/\/ujim.trialinternational.org\/#website\"},\"datePublished\":\"2023-02-10T07:59:00+00:00\",\"dateModified\":\"2023-10-25T08:36:16+00:00\",\"breadcrumb\":{\"@id\":\"https:\/\/ujim.trialinternational.org\/#breadcrumb\"},\"inLanguage\":\"fr-FR\",\"potentialAction\":[{\"@type\":\"ReadAction\",\"target\":[\"https:\/\/ujim.trialinternational.org\/\"]}]},{\"@type\":\"BreadcrumbList\",\"@id\":\"https:\/\/ujim.trialinternational.org\/#breadcrumb\",\"itemListElement\":[{\"@type\":\"ListItem\",\"position\":1,\"name\":\"Home\",\"item\":\"https:\/\/ujim.trialinternational.org\/\"},{\"@type\":\"ListItem\",\"position\":2,\"name\":\"Carte interactive de la comp\u00e9tence universelle\"}]},{\"@type\":\"WebSite\",\"@id\":\"https:\/\/ujim.trialinternational.org\/#website\",\"url\":\"https:\/\/ujim.trialinternational.org\/\",\"name\":\"TRIAL International\",\"description\":\"Une voie vers la justice\",\"potentialAction\":[{\"@type\":\"SearchAction\",\"target\":{\"@type\":\"EntryPoint\",\"urlTemplate\":\"https:\/\/ujim.trialinternational.org\/?s={search_term_string}\"},\"query-input\":{\"@type\":\"PropertyValueSpecification\",\"valueRequired\":true,\"valueName\":\"search_term_string\"}}],\"inLanguage\":\"fr-FR\"}]}<\/script>\n<!-- \/ Yoast SEO plugin. -->","yoast_head_json":{"title":"Carte interactive de la comp\u00e9tence universelle - TRIAL International","robots":{"index":"noindex","follow":"follow","max-snippet":"max-snippet:-1","max-image-preview":"max-image-preview:large","max-video-preview":"max-video-preview:-1"},"og_locale":"fr_FR","og_type":"article","og_title":"Carte interactive de la comp\u00e9tence universelle - TRIAL International","og_description":"TRIAL International rappelle que jusqu&rsquo;\u00e0 ce qu&rsquo;une \u00e9ventuelle condamnation soit entr\u00e9e en force, toute personne accus\u00e9e ou poursuivie par une juridiction nationale ou internationale est pr\u00e9sum\u00e9e innocente","og_url":"https:\/\/ujim.trialinternational.org\/","og_site_name":"TRIAL International","article_modified_time":"2023-10-25T08:36:16+00:00","twitter_card":"summary_large_image","twitter_misc":{"Dur\u00e9e de lecture estim\u00e9e":"1 minute"},"schema":{"@context":"https:\/\/schema.org","@graph":[{"@type":"WebPage","@id":"https:\/\/ujim.trialinternational.org\/","url":"https:\/\/ujim.trialinternational.org\/","name":"Carte interactive de la comp\u00e9tence universelle - TRIAL International","isPartOf":{"@id":"https:\/\/ujim.trialinternational.org\/#website"},"datePublished":"2023-02-10T07:59:00+00:00","dateModified":"2023-10-25T08:36:16+00:00","breadcrumb":{"@id":"https:\/\/ujim.trialinternational.org\/#breadcrumb"},"inLanguage":"fr-FR","potentialAction":[{"@type":"ReadAction","target":["https:\/\/ujim.trialinternational.org\/"]}]},{"@type":"BreadcrumbList","@id":"https:\/\/ujim.trialinternational.org\/#breadcrumb","itemListElement":[{"@type":"ListItem","position":1,"name":"Home","item":"https:\/\/ujim.trialinternational.org\/"},{"@type":"ListItem","position":2,"name":"Carte interactive de la comp\u00e9tence universelle"}]},{"@type":"WebSite","@id":"https:\/\/ujim.trialinternational.org\/#website","url":"https:\/\/ujim.trialinternational.org\/","name":"TRIAL International","description":"Une voie vers la justice","potentialAction":[{"@type":"SearchAction","target":{"@type":"EntryPoint","urlTemplate":"https:\/\/ujim.trialinternational.org\/?s={search_term_string}"},"query-input":{"@type":"PropertyValueSpecification","valueRequired":true,"valueName":"search_term_string"}}],"inLanguage":"fr-FR"}]}},"_links":{"self":[{"href":"https:\/\/ujim.trialinternational.org\/fr\/wp-json\/wp\/v2\/pages\/25161"}],"collection":[{"href":"https:\/\/ujim.trialinternational.org\/fr\/wp-json\/wp\/v2\/pages"}],"about":[{"href":"https:\/\/ujim.trialinternational.org\/fr\/wp-json\/wp\/v2\/types\/page"}],"author":[{"embeddable":true,"href":"https:\/\/ujim.trialinternational.org\/fr\/wp-json\/wp\/v2\/users\/31"}],"replies":[{"embeddable":true,"href":"https:\/\/ujim.trialinternational.org\/fr\/wp-json\/wp\/v2\/comments?post=25161"}],"version-history":[{"count":21,"href":"https:\/\/ujim.trialinternational.org\/fr\/wp-json\/wp\/v2\/pages\/25161\/revisions"}],"predecessor-version":[{"id":28371,"href":"https:\/\/ujim.trialinternational.org\/fr\/wp-json\/wp\/v2\/pages\/25161\/revisions\/28371"}],"wp:attachment":[{"href":"https:\/\/ujim.trialinternational.org\/fr\/wp-json\/wp\/v2\/media?parent=25161"}],"curies":[{"name":"wp","href":"https:\/\/api.w.org\/{rel}","templated":true}]}}